{"id":323,"date":"2021-07-09T15:14:28","date_gmt":"2021-07-09T15:14:28","guid":{"rendered":"https:\/\/okuloplastyka.com\/?page_id=323"},"modified":"2024-07-06T16:58:50","modified_gmt":"2024-07-06T16:58:50","slug":"o-mnie","status":"publish","type":"page","link":"https:\/\/okuloplastyka.com\/index.php\/o-mnie\/","title":{"rendered":"O mnie"},"content":{"rendered":"\t\t<div data-elementor-type=\"wp-page\" data-elementor-id=\"323\" class=\"elementor elementor-323\">\n\t\t\t\t\t\t\t\t\t<section class=\"elementor-section elementor-top-section elementor-element elementor-element-255765b7 elementor-section-boxed elementor-section-height-default elementor-section-height-default\" data-id=\"255765b7\" data-element_type=\"section\">\n\t\t\t\t\t\t<div class=\"elementor-container elementor-column-gap-default\">\n\t\t\t\t\t<div class=\"elementor-column elementor-col-50 elementor-top-column elementor-element elementor-element-30dc0db5\" data-id=\"30dc0db5\" data-element_type=\"column\">\n\t\t\t<div class=\"elementor-widget-wrap elementor-element-populated\">\n\t\t\t\t\t\t\t\t<div class=\"elementor-element elementor-element-28766c1a elementor-widget elementor-widget-image\" data-id=\"28766c1a\" data-element_type=\"widget\" data-widget_type=\"image.default\">\n\t\t\t\t<div class=\"elementor-widget-container\">\n\t\t\t\t\t\t\t\t\t\t\t\t\t\t\t<img fetchpriority=\"high\" decoding=\"async\" width=\"1707\" height=\"2560\" src=\"https:\/\/okuloplastyka.com\/wp-content\/uploads\/2024\/07\/Facetune_18-05-2024-23-26-35-kopia-2-scaled.jpg\" class=\"attachment-full size-full wp-image-1557\" alt=\"\" srcset=\"https:\/\/okuloplastyka.com\/wp-content\/uploads\/2024\/07\/Facetune_18-05-2024-23-26-35-kopia-2-scaled.jpg 1707w, https:\/\/okuloplastyka.com\/wp-content\/uploads\/2024\/07\/Facetune_18-05-2024-23-26-35-kopia-2-200x300.jpg 200w, https:\/\/okuloplastyka.com\/wp-content\/uploads\/2024\/07\/Facetune_18-05-2024-23-26-35-kopia-2-683x1024.jpg 683w, https:\/\/okuloplastyka.com\/wp-content\/uploads\/2024\/07\/Facetune_18-05-2024-23-26-35-kopia-2-768x1152.jpg 768w, https:\/\/okuloplastyka.com\/wp-content\/uploads\/2024\/07\/Facetune_18-05-2024-23-26-35-kopia-2-1024x1536.jpg 1024w, https:\/\/okuloplastyka.com\/wp-content\/uploads\/2024\/07\/Facetune_18-05-2024-23-26-35-kopia-2-1365x2048.jpg 1365w\" sizes=\"(max-width: 1707px) 100vw, 1707px\" \/>\t\t\t\t\t\t\t\t\t\t\t\t\t\t\t<\/div>\n\t\t\t\t<\/div>\n\t\t\t\t\t<\/div>\n\t\t<\/div>\n\t\t\t\t<div class=\"elementor-column elementor-col-50 elementor-top-column elementor-element elementor-element-6b74694e\" data-id=\"6b74694e\" data-element_type=\"column\">\n\t\t\t<div class=\"elementor-widget-wrap elementor-element-populated\">\n\t\t\t\t\t\t\t\t<div class=\"elementor-element elementor-element-5f9faa0b elementor-widget elementor-widget-heading\" data-id=\"5f9faa0b\" data-element_type=\"widget\" data-widget_type=\"heading.default\">\n\t\t\t\t<div class=\"elementor-widget-container\">\n\t\t\t<h2 class=\"elementor-heading-title elementor-size-default\">O mnie<\/h2>\t\t<\/div>\n\t\t\t\t<\/div>\n\t\t\t\t<div class=\"elementor-element elementor-element-4772a38c elementor-widget elementor-widget-text-editor\" data-id=\"4772a38c\" data-element_type=\"widget\" data-widget_type=\"text-editor.default\">\n\t\t\t\t<div class=\"elementor-widget-container\">\n\t\t\t\t\t\t\t<p>Jestem absolwentk\u0105\u00a0I Wydzia\u0142u Lekarskiego Warszawskiego Uniwersytetu Medycznego. Rezydentur\u0119 z okulistyki odbywa\u0142am w Oddziale Okulistyki CSK MSWiA w Warszawie, w kt\u00f3rym pracuj\u0119 do dzi\u015b na stanowisku starszego asystenta.\u00a0Chirurgi\u0105 okuloplastyczn\u0105 interesowa\u0142am si\u0119 od pocz\u0105tku swojej drogi zawodowej, co zaowocowa\u0142o powstaniem doktoratu traktuj\u0105cego o eksperymentalnych metodach diagnostyki opadania powiek. Doktorat obroni\u0142am w Centrum Biostruktury\u00a0Warszawskiego\u00a0Uniwersytetu\u00a0Medycznego. Stale podnosz\u0119 swoje kwalifikacje.\u00a0Odby\u0142am liczne sta\u017ce zagraniczne, kursy i szkolenia z zakresu chirurgii okuloplastycznej i medycyny estetycznej, m.in. Moorfields Eye Hospital w Londynie, Royal College of Ophthalmologists, University of California. Jestem autorem prac naukowych i wyst\u0105pie\u0144 na zjazdach. \u00a0Posiadam wieloletnie do\u015bwiadczenie zawodowe. Wykonuj\u0119 szeroki zakres zabieg\u00f3w okuloplastycznych. Usuwam drobne zmiany powiekowe, zmiany nowotworowe ze sk\u00f3ry i przedniej cz\u0119\u015bci oczodo\u0142u, wykonuj\u0119 rekonstrukcje powiek. Przeprowadzam korekcje ustawienia punktu \u0142zowego i powiek (odwini\u0119cia, podwini\u0119cia, opadni\u0119cie). Do moich ulubionych zabieg\u00f3w nale\u017c\u0105 blefaroplastyki powiek g\u00f3rnych i dolnych.\u00a0Wykonuj\u0119 r\u00f3wnie\u017c\u00a0zabiegi z zakresu medycyny estetycznej okolic oczu.\u00a0Konsultacje i zabiegi przeprowadzam w kilku klinikach warszawskich. <br \/>W swojej pracy stawiam na profesjonalizm, aktualn\u0105 wiedz\u0119 i wsp\u00f3\u0142prac\u0119 z pacjentem, aby\u015bmy razem osi\u0105gn\u0119li satysfakcjonuj\u0105cy efekt!<\/p>\t\t\t\t\t\t<\/div>\n\t\t\t\t<\/div>\n\t\t\t\t\t<\/div>\n\t\t<\/div>\n\t\t\t\t\t\t\t<\/div>\n\t\t<\/section>\n\t\t\t\t<section class=\"elementor-section elementor-top-section elementor-element elementor-element-498ccb5a elementor-section-boxed elementor-section-height-default elementor-section-height-default\" data-id=\"498ccb5a\" data-element_type=\"section\" data-settings=\"{&quot;background_background&quot;:&quot;classic&quot;}\">\n\t\t\t\t\t\t\t<div class=\"elementor-background-overlay\"><\/div>\n\t\t\t\t\t\t\t<div class=\"elementor-container elementor-column-gap-default\">\n\t\t\t\t\t<div class=\"elementor-column elementor-col-100 elementor-top-column elementor-element elementor-element-55b8b6ec\" data-id=\"55b8b6ec\" data-element_type=\"column\">\n\t\t\t<div class=\"elementor-widget-wrap elementor-element-populated\">\n\t\t\t\t\t\t\t\t<div class=\"elementor-element elementor-element-74616e91 elementor-widget elementor-widget-heading\" data-id=\"74616e91\" data-element_type=\"widget\" data-widget_type=\"heading.default\">\n\t\t\t\t<div class=\"elementor-widget-container\">\n\t\t\t<h2 class=\"elementor-heading-title elementor-size-default\">Chcesz dowiedzie\u0107 si\u0119 wi\u0119cej lub masz pytania? Zapraszam na konsultacj\u0119.<\/h2>\t\t<\/div>\n\t\t\t\t<\/div>\n\t\t\t\t<section class=\"elementor-section elementor-inner-section elementor-element elementor-element-74ac3c91 elementor-section-boxed elementor-section-height-default elementor-section-height-default\" data-id=\"74ac3c91\" data-element_type=\"section\">\n\t\t\t\t\t\t<div class=\"elementor-container elementor-column-gap-default\">\n\t\t\t\t\t<div class=\"elementor-column elementor-col-33 elementor-inner-column elementor-element elementor-element-4568d8ef\" data-id=\"4568d8ef\" data-element_type=\"column\">\n\t\t\t<div class=\"elementor-widget-wrap elementor-element-populated\">\n\t\t\t\t\t\t\t\t<div class=\"elementor-element elementor-element-2ddff0e elementor-view-stacked elementor-shape-circle elementor-position-top elementor-mobile-position-top elementor-widget elementor-widget-icon-box\" data-id=\"2ddff0e\" data-element_type=\"widget\" data-widget_type=\"icon-box.default\">\n\t\t\t\t<div class=\"elementor-widget-container\">\n\t\t\t\t\t<div class=\"elementor-icon-box-wrapper\">\n\t\t\t\t\t\t<div class=\"elementor-icon-box-icon\">\n\t\t\t\t<span  class=\"elementor-icon elementor-animation-\">\n\t\t\t\t<i aria-hidden=\"true\" class=\"fas fa-map-marker-alt\"><\/i>\t\t\t\t<\/span>\n\t\t\t<\/div>\n\t\t\t\t\t\t<div class=\"elementor-icon-box-content\">\n\t\t\t\t<h3 class=\"elementor-icon-box-title\">\n\t\t\t\t\t<span  >\n\t\t\t\t\t\tACL-Vision\t\t\t\t\t<\/span>\n\t\t\t\t<\/h3>\n\t\t\t\t\t\t\t\t\t<p class=\"elementor-icon-box-description\">\n\t\t\t\t\t\tAl. Niepodleg\u0142o\u015bci 20\n02-653 Warszawa \t\t\t\t\t<\/p>\n\t\t\t\t\t\t\t<\/div>\n\t\t<\/div>\n\t\t\t\t<\/div>\n\t\t\t\t<\/div>\n\t\t\t\t\t<\/div>\n\t\t<\/div>\n\t\t\t\t<div class=\"elementor-column elementor-col-33 elementor-inner-column elementor-element elementor-element-73e2a86b\" data-id=\"73e2a86b\" data-element_type=\"column\">\n\t\t\t<div class=\"elementor-widget-wrap elementor-element-populated\">\n\t\t\t\t\t\t\t\t<div class=\"elementor-element elementor-element-3769b7de elementor-view-stacked elementor-shape-circle elementor-position-top elementor-mobile-position-top elementor-widget elementor-widget-icon-box\" data-id=\"3769b7de\" data-element_type=\"widget\" data-widget_type=\"icon-box.default\">\n\t\t\t\t<div class=\"elementor-widget-container\">\n\t\t\t\t\t<div class=\"elementor-icon-box-wrapper\">\n\t\t\t\t\t\t<div class=\"elementor-icon-box-icon\">\n\t\t\t\t<span  class=\"elementor-icon elementor-animation-\">\n\t\t\t\t<i aria-hidden=\"true\" class=\"fas fa-map-marker-alt\"><\/i>\t\t\t\t<\/span>\n\t\t\t<\/div>\n\t\t\t\t\t\t<div class=\"elementor-icon-box-content\">\n\t\t\t\t<h3 class=\"elementor-icon-box-title\">\n\t\t\t\t\t<span  >\n\t\t\t\t\t\tWarszawski Szpital Okulistyczny\t\t\t\t\t<\/span>\n\t\t\t\t<\/h3>\n\t\t\t\t\t\t\t\t\t<p class=\"elementor-icon-box-description\">\n\t\t\t\t\t\tul. Giz\u00f3w 1 lokal U2A 01-249 Warszawa\n\n\t\t\t\t\t<\/p>\n\t\t\t\t\t\t\t<\/div>\n\t\t<\/div>\n\t\t\t\t<\/div>\n\t\t\t\t<\/div>\n\t\t\t\t\t<\/div>\n\t\t<\/div>\n\t\t\t\t<div class=\"elementor-column elementor-col-33 elementor-inner-column elementor-element elementor-element-6ae460c2\" data-id=\"6ae460c2\" data-element_type=\"column\">\n\t\t\t<div class=\"elementor-widget-wrap elementor-element-populated\">\n\t\t\t\t\t\t\t\t<div class=\"elementor-element elementor-element-47056bf6 elementor-view-stacked elementor-shape-circle elementor-position-top elementor-mobile-position-top elementor-widget elementor-widget-icon-box\" data-id=\"47056bf6\" data-element_type=\"widget\" data-widget_type=\"icon-box.default\">\n\t\t\t\t<div class=\"elementor-widget-container\">\n\t\t\t\t\t<div class=\"elementor-icon-box-wrapper\">\n\t\t\t\t\t\t<div class=\"elementor-icon-box-icon\">\n\t\t\t\t<span  class=\"elementor-icon elementor-animation-\">\n\t\t\t\t<i aria-hidden=\"true\" class=\"fas fa-map-marker-alt\"><\/i>\t\t\t\t<\/span>\n\t\t\t<\/div>\n\t\t\t\t\t\t<div class=\"elementor-icon-box-content\">\n\t\t\t\t<h3 class=\"elementor-icon-box-title\">\n\t\t\t\t\t<span  >\n\t\t\t\t\t\tInstytut Oka\t\t\t\t\t<\/span>\n\t\t\t\t<\/h3>\n\t\t\t\t\t\t\t\t\t<p class=\"elementor-icon-box-description\">\n\t\t\t\t\t\tAl. Niepodleg\u0142o\u015bci 18, 02-653 Warszawa\t\t\t\t\t<\/p>\n\t\t\t\t\t\t\t<\/div>\n\t\t<\/div>\n\t\t\t\t<\/div>\n\t\t\t\t<\/div>\n\t\t\t\t\t<\/div>\n\t\t<\/div>\n\t\t\t\t\t\t\t<\/div>\n\t\t<\/section>\n\t\t\t\t<div class=\"elementor-element elementor-element-4d867914 elementor-align-center elementor-widget elementor-widget-button\" data-id=\"4d867914\" data-element_type=\"widget\" data-widget_type=\"button.default\">\n\t\t\t\t<div class=\"elementor-widget-container\">\n\t\t\t\t\t<div class=\"elementor-button-wrapper\">\n\t\t\t<a class=\"elementor-button elementor-button-link elementor-size-md elementor-animation-sink\" href=\"https:\/\/okuloplastyka.com\/index.php\/kontakt\/\">\n\t\t\t\t\t\t<span class=\"elementor-button-content-wrapper\">\n\t\t\t\t\t\t<span class=\"elementor-button-text\">Skontaktuj si\u0119<\/span>\n\t\t<\/span>\n\t\t\t\t\t<\/a>\n\t\t<\/div>\n\t\t\t\t<\/div>\n\t\t\t\t<\/div>\n\t\t\t\t\t<\/div>\n\t\t<\/div>\n\t\t\t\t\t\t\t<\/div>\n\t\t<\/section>\n\t\t\t\t\t\t\t<\/div>\n\t\t","protected":false},"excerpt":{"rendered":"<p>O mnie Jestem absolwentk\u0105\u00a0I Wydzia\u0142u Lekarskiego Warszawskiego Uniwersytetu Medycznego. Rezydentur\u0119 z okulistyki odbywa\u0142am w Oddziale Okulistyki CSK MSWiA w Warszawie, w kt\u00f3rym pracuj\u0119 do dzi\u015b na stanowisku starszego asystenta.\u00a0Chirurgi\u0105 okuloplastyczn\u0105 interesowa\u0142am si\u0119 od pocz\u0105tku swojej drogi zawodowej, co zaowocowa\u0142o powstaniem doktoratu traktuj\u0105cego o eksperymentalnych metodach diagnostyki opadania powiek. Doktorat obroni\u0142am w Centrum Biostruktury\u00a0Warszawskiego\u00a0Uniwersytetu\u00a0Medycznego. Stale podnosz\u0119 [&hellip;]<\/p>\n","protected":false},"author":1,"featured_media":0,"parent":0,"menu_order":0,"comment_status":"closed","ping_status":"closed","template":"","meta":{"ocean_post_layout":"","ocean_both_sidebars_style":"","ocean_both_sidebars_content_width":0,"ocean_both_sidebars_sidebars_width":0,"ocean_sidebar":"0","ocean_second_sidebar":"0","ocean_disable_margins":"enable","ocean_add_body_class":"","ocean_shortcode_before_top_bar":"","ocean_shortcode_after_top_bar":"","ocean_shortcode_before_header":"","ocean_shortcode_after_header":"","ocean_has_shortcode":"","ocean_shortcode_after_title":"","ocean_shortcode_before_footer_widgets":"","ocean_shortcode_after_footer_widgets":"","ocean_shortcode_before_footer_bottom":"","ocean_shortcode_after_footer_bottom":"","ocean_display_top_bar":"default","ocean_display_header":"default","ocean_header_style":"","ocean_center_header_left_menu":"0","ocean_custom_header_template":"0","ocean_custom_logo":0,"ocean_custom_retina_logo":0,"ocean_custom_logo_max_width":0,"ocean_custom_logo_tablet_max_width":0,"ocean_custom_logo_mobile_max_width":0,"ocean_custom_logo_max_height":0,"ocean_custom_logo_tablet_max_height":0,"ocean_custom_logo_mobile_max_height":0,"ocean_header_custom_menu":"0","ocean_menu_typo_font_family":"0","ocean_menu_typo_font_subset":"","ocean_menu_typo_font_size":0,"ocean_menu_typo_font_size_tablet":0,"ocean_menu_typo_font_size_mobile":0,"ocean_menu_typo_font_size_unit":"px","ocean_menu_typo_font_weight":"","ocean_menu_typo_font_weight_tablet":"","ocean_menu_typo_font_weight_mobile":"","ocean_menu_typo_transform":"","ocean_menu_typo_transform_tablet":"","ocean_menu_typo_transform_mobile":"","ocean_menu_typo_line_height":0,"ocean_menu_typo_line_height_tablet":0,"ocean_menu_typo_line_height_mobile":0,"ocean_menu_typo_line_height_unit":"","ocean_menu_typo_spacing":0,"ocean_menu_typo_spacing_tablet":0,"ocean_menu_typo_spacing_mobile":0,"ocean_menu_typo_spacing_unit":"","ocean_menu_link_color":"","ocean_menu_link_color_hover":"","ocean_menu_link_color_active":"","ocean_menu_link_background":"","ocean_menu_link_hover_background":"","ocean_menu_link_active_background":"","ocean_menu_social_links_bg":"","ocean_menu_social_hover_links_bg":"","ocean_menu_social_links_color":"","ocean_menu_social_hover_links_color":"","ocean_disable_title":"default","ocean_disable_heading":"default","ocean_post_title":"","ocean_post_subheading":"","ocean_post_title_style":"","ocean_post_title_background_color":"","ocean_post_title_background":0,"ocean_post_title_bg_image_position":"","ocean_post_title_bg_image_attachment":"","ocean_post_title_bg_image_repeat":"","ocean_post_title_bg_image_size":"","ocean_post_title_height":0,"ocean_post_title_bg_overlay":0.5,"ocean_post_title_bg_overlay_color":"","ocean_disable_breadcrumbs":"default","ocean_breadcrumbs_color":"","ocean_breadcrumbs_separator_color":"","ocean_breadcrumbs_links_color":"","ocean_breadcrumbs_links_hover_color":"","ocean_display_footer_widgets":"default","ocean_display_footer_bottom":"default","ocean_custom_footer_template":"0","footnotes":""},"class_list":["post-323","page","type-page","status-publish","hentry","entry"],"_links":{"self":[{"href":"https:\/\/okuloplastyka.com\/index.php\/wp-json\/wp\/v2\/pages\/323","targetHints":{"allow":["GET"]}}],"collection":[{"href":"https:\/\/okuloplastyka.com\/index.php\/wp-json\/wp\/v2\/pages"}],"about":[{"href":"https:\/\/okuloplastyka.com\/index.php\/wp-json\/wp\/v2\/types\/page"}],"author":[{"embeddable":true,"href":"https:\/\/okuloplastyka.com\/index.php\/wp-json\/wp\/v2\/users\/1"}],"replies":[{"embeddable":true,"href":"https:\/\/okuloplastyka.com\/index.php\/wp-json\/wp\/v2\/comments?post=323"}],"version-history":[{"count":43,"href":"https:\/\/okuloplastyka.com\/index.php\/wp-json\/wp\/v2\/pages\/323\/revisions"}],"predecessor-version":[{"id":1560,"href":"https:\/\/okuloplastyka.com\/index.php\/wp-json\/wp\/v2\/pages\/323\/revisions\/1560"}],"wp:attachment":[{"href":"https:\/\/okuloplastyka.com\/index.php\/wp-json\/wp\/v2\/media?parent=323"}],"curies":[{"name":"wp","href":"https:\/\/api.w.org\/{rel}","templated":true}]}}